{"id":39,"date":"2025-01-13T11:48:09","date_gmt":"2025-01-13T11:48:09","guid":{"rendered":"https:\/\/fsm-msk.slu.cz\/?page_id=39"},"modified":"2025-01-13T15:24:09","modified_gmt":"2025-01-13T15:24:09","slug":"metodika","status":"publish","type":"page","link":"https:\/\/fsm-msk.slu.cz\/?page_id=39","title":{"rendered":"Metodika"},"content":{"rendered":"\n<h1 class=\"wp-block-heading\"><\/h1>\n\n\n\n<p>Hodnocen\u00ed finan\u010dn\u00ed stability municipalit vych\u00e1z\u00ed ze dvou z\u00e1kladn\u00edch p\u0159edpoklad\u016f, kter\u00e9 jsou d\u016fle\u017eit\u00e9 pro zaji\u0161t\u011bn\u00ed kr\u00e1tkodob\u00e9 i dlouhodob\u00e9 rozpo\u010dtov\u00e9 rovnov\u00e1hy a udr\u017eitelnosti financov\u00e1n\u00ed m\u011bst a obc\u00ed. Konkr\u00e9tn\u011b se jedn\u00e1 o:<\/p>\n\n\n\n<ul class=\"wp-block-list\">\n<li>Saldo b\u011b\u017en\u00e9ho rozpo\u010dtu by v\u017edy m\u011blo b\u00fdt kladn\u00e9, kapit\u00e1lov\u00fd rozpo\u010det m\u016f\u017ee b\u00fdt deficitn\u00ed.<\/li>\n\n\n\n<li>Maxim\u00e1ln\u00ed dluhov\u00e1 slu\u017eba (spl\u00e1tky dluhu plus placen\u00e9 \u00faroky) by nem\u011bla p\u0159evy\u0161ovat p\u0159ebytek b\u011b\u017en\u00e9ho rozpo\u010dtu.<\/li>\n<\/ul>\n\n\n\n<p>Pro vyhodnocen\u00ed finan\u010dn\u00ed stability je navr\u017eena soustava ukazatel\u016f, kter\u00e9 jsou rozd\u011bleny vzhledem ke sv\u00e9 povaze a obsahu do t\u0159\u00ed kategori\u00ed:<\/p>\n\n\n\n<ol class=\"wp-block-list\">\n<li>Indik\u00e1tory hodnot\u00edc\u00ed rozpo\u010dtov\u00e9 hospoda\u0159en\u00ed (7 indik\u00e1tor\u016f)<\/li>\n\n\n\n<li>Indik\u00e1tory hodnot\u00edc\u00ed zadlu\u017eenost municipality (8 indik\u00e1tor\u016f)<\/li>\n\n\n\n<li>Indik\u00e1tory hodnot\u00edc\u00ed likviditu municipality (3 indik\u00e1tory)<\/li>\n<\/ol>\n","protected":false},"excerpt":{"rendered":"<p>Hodnocen\u00ed finan\u010dn\u00ed stability municipalit vych\u00e1z\u00ed ze dvou z\u00e1kladn\u00edch p\u0159edpoklad\u016f, kter\u00e9 jsou d\u016fle\u017eit\u00e9 pro zaji\u0161t\u011bn\u00ed kr\u00e1tkodob\u00e9 i dlouhodob\u00e9 rozpo\u010dtov\u00e9 rovnov\u00e1hy a udr\u017eitelnosti financov\u00e1n\u00ed m\u011bst a obc\u00ed. Konkr\u00e9tn\u011b se jedn\u00e1 o: Pro&hellip;<\/p>\n","protected":false},"author":2,"featured_media":0,"parent":0,"menu_order":0,"comment_status":"closed","ping_status":"closed","template":"","meta":{"footnotes":""},"class_list":["post-39","page","type-page","status-publish","hentry"],"_links":{"self":[{"href":"https:\/\/fsm-msk.slu.cz\/index.php?rest_route=\/wp\/v2\/pages\/39","targetHints":{"allow":["GET"]}}],"collection":[{"href":"https:\/\/fsm-msk.slu.cz\/index.php?rest_route=\/wp\/v2\/pages"}],"about":[{"href":"https:\/\/fsm-msk.slu.cz\/index.php?rest_route=\/wp\/v2\/types\/page"}],"author":[{"embeddable":true,"href":"https:\/\/fsm-msk.slu.cz\/index.php?rest_route=\/wp\/v2\/users\/2"}],"replies":[{"embeddable":true,"href":"https:\/\/fsm-msk.slu.cz\/index.php?rest_route=%2Fwp%2Fv2%2Fcomments&post=39"}],"version-history":[{"count":3,"href":"https:\/\/fsm-msk.slu.cz\/index.php?rest_route=\/wp\/v2\/pages\/39\/revisions"}],"predecessor-version":[{"id":208,"href":"https:\/\/fsm-msk.slu.cz\/index.php?rest_route=\/wp\/v2\/pages\/39\/revisions\/208"}],"wp:attachment":[{"href":"https:\/\/fsm-msk.slu.cz\/index.php?rest_route=%2Fwp%2Fv2%2Fmedia&parent=39"}],"curies":[{"name":"wp","href":"https:\/\/api.w.org\/{rel}","templated":true}]}}