{"id":33,"date":"2025-01-13T11:46:48","date_gmt":"2025-01-13T11:46:48","guid":{"rendered":"https:\/\/fsm-msk.slu.cz\/?page_id=33"},"modified":"2025-01-13T15:24:18","modified_gmt":"2025-01-13T15:24:18","slug":"o-projektu","status":"publish","type":"page","link":"https:\/\/fsm-msk.slu.cz\/","title":{"rendered":"O projektu"},"content":{"rendered":"\n<h1 class=\"wp-block-heading\"><\/h1>\n\n\n\n<p><strong>N\u00e1zev projektu:<\/strong>&nbsp; Vytvo\u0159en\u00ed metodiky a n\u00e1stroj\u016f sledov\u00e1n\u00ed finan\u010dn\u00edho zdrav\u00ed obc\u00ed<\/p>\n\n\n\n<p><strong>Eviden\u010dn\u00ed \u010d\u00edslo projektu:&nbsp;<\/strong><strong><a href=\"http:\/\/msk.iivopf.cz\/wp-content\/uploads\/2017\/04\/2017_06_podepsana-smlouva.pdf\" target=\"_blank\" rel=\"noreferrer noopener\">02027\/2017\/FIN<\/a><\/strong><\/p>\n\n\n\n<p><strong>C\u00edl projektu:<\/strong><\/p>\n\n\n\n<p>C\u00edlem projektu je vytvo\u0159it ucelenou jednoduchou metodiku pro hodnocen\u00ed finan\u010dn\u00edho zdrav\u00ed municipalit, kter\u00e1 by byla v podob\u011b voln\u011b dostupn\u00e9ho softwaru um\u00edst\u011bna nap\u0159\u00edklad na internetov\u00fdch str\u00e1nk\u00e1ch Moravskoslezsk\u00e9ho kraje. Uveden\u00fd software bude umo\u017e\u0148ovat p\u0159edstavitel\u016fm obc\u00ed a m\u011bst, kter\u00e9 se na projektu budou spolupod\u00edlet, zjistit prost\u0159ednictv\u00edm jednozna\u010dn\u011b definovan\u00fdch a interpretovateln\u00fdch ukazatel\u016f v jak\u00e9m stavu se nach\u00e1z\u00ed dan\u00e1 municipalita z hlediska finan\u010dn\u00edho zdrav\u00ed. Hlavn\u00edm p\u0159\u00ednosem projektu bude v\u00fdrazn\u00e9 zlep\u0161en\u00ed informovanosti obc\u00ed a m\u011bst o jejich finan\u010dn\u00edm zdrav\u00ed a p\u0159\u00edpadn\u00fdch rizic\u00edch, kter\u00e9 s dal\u0161\u00edm nezodpov\u011bdn\u00fdm hospoda\u0159en\u00edm souvis\u00ed.<\/p>\n\n\n\n<p><strong>Tohoto c\u00edle bude dosa\u017eeno pomoc\u00ed n\u00e1sleduj\u00edc\u00edch d\u00edl\u010d\u00edch c\u00edl\u016f:<\/strong><\/p>\n\n\n\n<p><strong><em>Pro praxi ve\u0159ejn\u00e9 spr\u00e1vy:<\/em><\/strong><\/p>\n\n\n\n<ol class=\"wp-block-list\">\n<li>bude vytvo\u0159en soubor ukazatel\u016f finan\u010dn\u00edho zdrav\u00ed, kter\u00fd bude otestov\u00e1n na vybran\u00e9m vzorku obc\u00ed a n\u00e1sledn\u011b bude vyhodnocen, prodiskutov\u00e1n s panelem expert\u016f, budou stanovena krit\u00e9ria hodnocen\u00ed (ratingy), chyb\u011bj\u00edc\u00ed data budou dopln\u011bna prim\u00e1rn\u00edm v\u00fdzkumem,<\/li>\n\n\n\n<li>bude proveden sb\u011br pot\u0159ebn\u00fdch dat pro napln\u011bn\u00ed aplikace (zde se uva\u017euje spolupr\u00e1ce s&nbsp;Ministerstvem financ\u00ed),<\/li>\n\n\n\n<li>bude vytvo\u0159ena platforma (webov\u00e1 aplikace) pro propo\u010det finan\u010dn\u00edho zdrav\u00ed obce,<\/li>\n\n\n\n<li>bude otestov\u00e1na datab\u00e1ze a sestaveny \u017eeb\u0159\u00ed\u010dky zadan\u00fdch obc\u00ed z datab\u00e1ze, v&nbsp;pilotn\u00ed \u010d\u00e1sti pro vybran\u00e9 obce MS kraje s&nbsp;mo\u017enost\u00ed dal\u0161\u00edho roz\u0161\u00ed\u0159en\u00ed,<\/li>\n\n\n\n<li>bude formulov\u00e1n popis jednotliv\u00fdch ukazatel\u016f, v\u010detn\u011b vysv\u011btlen\u00ed jejich v\u00fdznamu, n\u00e1vaznost na z\u00e1kladn\u00ed z\u00e1konn\u00e9 po\u017eadavky ohledn\u011b rozpo\u010dtov\u00e9 k\u00e1zn\u011b.<\/li>\n<\/ol>\n\n\n\n<p><strong><em>Ve v\u011bdeckov\u00fdzkumn\u00e9 rovin\u011b se uva\u017euje s&nbsp;n\u00e1sleduj\u00edc\u00edmi d\u00edl\u010d\u00edmi c\u00edli:<\/em><\/strong><\/p>\n\n\n\n<ol class=\"wp-block-list\">\n<li>prov\u00e1z\u00e1n\u00ed akademick\u00e9ho v\u00fdzkumu s praktickou aplikac\u00ed v oblasti ve\u0159ejn\u00fdch financ\u00ed,<\/li>\n\n\n\n<li>n\u00e1vrh a otestov\u00e1n\u00ed akademick\u00e9ho modelu v praxi, jako \u0159\u00edzen\u00e9ho experimentu s&nbsp;vyvozen\u00edm z\u00e1v\u011br\u016f pro v\u00fduku,<\/li>\n\n\n\n<li>publikov\u00e1n\u00ed odborn\u00e9 stat\u011b k oboru Ve\u0159ejn\u00e1 ekonomika a spr\u00e1va,<\/li>\n\n\n\n<li>inovace v\u00fduky v oboru Ve\u0159ejn\u00e1 ekonomika a spr\u00e1va,<\/li>\n\n\n\n<li>aktivn\u00ed podpora odborn\u00e9ho a kvalifika\u010dn\u00edho r\u016fstu zapojen\u00fdch akademick\u00fdch pracovn\u00edk\u016f.<\/li>\n<\/ol>\n\n\n\n<p><strong>Doba \u0159e\u0161en\u00ed:&nbsp;<\/strong>&nbsp;1. 5. 2017 \u2013 31. 12. 2018<\/p>\n\n\n\n<p><strong>Partner projektu:&nbsp;<a href=\"http:\/\/www.msk.cz\/\" target=\"_blank\" rel=\"noreferrer noopener\">Moravskoslezsk\u00fd kraj<\/a><\/strong><\/p>\n\n\n\n<figure class=\"wp-block-image size-full\"><img loading=\"lazy\" decoding=\"async\" width=\"526\" height=\"97\" src=\"https:\/\/fsm-msk.slu.cz\/wp-content\/uploads\/2025\/01\/image-1.png\" alt=\"\" class=\"wp-image-35\" srcset=\"https:\/\/fsm-msk.slu.cz\/wp-content\/uploads\/2025\/01\/image-1.png 526w, https:\/\/fsm-msk.slu.cz\/wp-content\/uploads\/2025\/01\/image-1-300x55.png 300w\" sizes=\"auto, (max-width: 526px) 100vw, 526px\" \/><\/figure>\n","protected":false},"excerpt":{"rendered":"<p>N\u00e1zev projektu:&nbsp; Vytvo\u0159en\u00ed metodiky a n\u00e1stroj\u016f sledov\u00e1n\u00ed finan\u010dn\u00edho zdrav\u00ed obc\u00ed Eviden\u010dn\u00ed \u010d\u00edslo projektu:&nbsp;02027\/2017\/FIN C\u00edl projektu: C\u00edlem projektu je vytvo\u0159it ucelenou jednoduchou metodiku pro hodnocen\u00ed finan\u010dn\u00edho zdrav\u00ed municipalit, kter\u00e1 by byla&hellip;<\/p>\n","protected":false},"author":2,"featured_media":0,"parent":0,"menu_order":0,"comment_status":"closed","ping_status":"closed","template":"","meta":{"footnotes":""},"class_list":["post-33","page","type-page","status-publish","hentry"],"_links":{"self":[{"href":"https:\/\/fsm-msk.slu.cz\/index.php?rest_route=\/wp\/v2\/pages\/33","targetHints":{"allow":["GET"]}}],"collection":[{"href":"https:\/\/fsm-msk.slu.cz\/index.php?rest_route=\/wp\/v2\/pages"}],"about":[{"href":"https:\/\/fsm-msk.slu.cz\/index.php?rest_route=\/wp\/v2\/types\/page"}],"author":[{"embeddable":true,"href":"https:\/\/fsm-msk.slu.cz\/index.php?rest_route=\/wp\/v2\/users\/2"}],"replies":[{"embeddable":true,"href":"https:\/\/fsm-msk.slu.cz\/index.php?rest_route=%2Fwp%2Fv2%2Fcomments&post=33"}],"version-history":[{"count":2,"href":"https:\/\/fsm-msk.slu.cz\/index.php?rest_route=\/wp\/v2\/pages\/33\/revisions"}],"predecessor-version":[{"id":209,"href":"https:\/\/fsm-msk.slu.cz\/index.php?rest_route=\/wp\/v2\/pages\/33\/revisions\/209"}],"wp:attachment":[{"href":"https:\/\/fsm-msk.slu.cz\/index.php?rest_route=%2Fwp%2Fv2%2Fmedia&parent=33"}],"curies":[{"name":"wp","href":"https:\/\/api.w.org\/{rel}","templated":true}]}}